{"id":2172,"date":"2020-11-28T09:05:38","date_gmt":"2020-11-28T09:05:38","guid":{"rendered":"https:\/\/wordpress-486734-1610623.cloudwaysapps.com\/?page_id=1529"},"modified":"2024-08-02T14:13:50","modified_gmt":"2024-08-02T12:13:50","slug":"about-2","status":"publish","type":"page","link":"https:\/\/eudajmonia.org.pl\/?page_id=2172","title":{"rendered":"Misja"},"content":{"rendered":"<style>.kb-row-layout-id2172_b8eb4e-c4 > .kt-row-column-wrap{align-content:start;}:where(.kb-row-layout-id2172_b8eb4e-c4 > .kt-row-column-wrap) > .wp-block-kadence-column{justify-content:start;}.kb-row-layout-id2172_b8eb4e-c4 > .kt-row-column-wrap{column-gap:var(--global-kb-gap-md, 2rem);row-gap:var(--global-kb-gap-md, 2rem);max-width:600px;margin-left:auto;margin-right:auto;padding-top:36px;padding-right:10px;padding-bottom:50px;padding-left:10px;grid-template-columns:minmax(0, 1fr);}.kb-row-layout-id2172_b8eb4e-c4 > .kt-row-layout-overlay{opacity:0.30;}@media all and (max-width: 1024px){.kb-row-layout-id2172_b8eb4e-c4 > .kt-row-column-wrap{grid-template-columns:minmax(0, 1fr);}}@media all and (max-width: 767px){.kb-row-layout-id2172_b8eb4e-c4 > .kt-row-column-wrap{grid-template-columns:minmax(0, 1fr);}}<\/style><div class=\"kb-row-layout-wrap kb-row-layout-id2172_b8eb4e-c4 alignnone wp-block-kadence-rowlayout\"><div class=\"kt-row-column-wrap kt-has-1-columns kt-row-layout-equal kt-tab-layout-inherit kt-mobile-layout-row kt-row-valign-top\">\n<style>.kadence-column2172_de2de7-c5 > .kt-inside-inner-col,.kadence-column2172_de2de7-c5 > .kt-inside-inner-col:before{border-top-left-radius:0px;border-top-right-radius:0px;border-bottom-right-radius:0px;border-bottom-left-radius:0px;}.kadence-column2172_de2de7-c5 > .kt-inside-inner-col{column-gap:var(--global-kb-gap-sm, 1rem);}.kadence-column2172_de2de7-c5 > .kt-inside-inner-col{flex-direction:column;}.kadence-column2172_de2de7-c5 > .kt-inside-inner-col > .aligncenter{width:100%;}.kadence-column2172_de2de7-c5 > .kt-inside-inner-col:before{opacity:0.3;}.kadence-column2172_de2de7-c5{position:relative;}.kadence-column2172_de2de7-c5, .kt-inside-inner-col > .kadence-column2172_de2de7-c5:not(.specificity){margin-top:0px;margin-right:0px;margin-bottom:0px;margin-left:0px;}@media all and (max-width: 1024px){.kadence-column2172_de2de7-c5 > .kt-inside-inner-col{flex-direction:column;}}@media all and (max-width: 767px){.kadence-column2172_de2de7-c5 > .kt-inside-inner-col{flex-direction:column;}}<\/style>\n<div class=\"wp-block-kadence-column kadence-column2172_de2de7-c5 inner-column-1\"><div class=\"kt-inside-inner-col\"><style>.wp-block-kadence-advancedheading.kt-adv-heading2172_90c089-4b, .wp-block-kadence-advancedheading.kt-adv-heading2172_90c089-4b[data-kb-block=\"kb-adv-heading2172_90c089-4b\"]{margin-bottom:40px;text-align:center;font-weight:normal;font-style:normal;}.wp-block-kadence-advancedheading.kt-adv-heading2172_90c089-4b mark.kt-highlight, .wp-block-kadence-advancedheading.kt-adv-heading2172_90c089-4b[data-kb-block=\"kb-adv-heading2172_90c089-4b\"] mark.kt-highlight{font-weight:normal;font-style:normal;color:#f76a0c;padding-top:0px;padding-right:0px;padding-bottom:0px;padding-left:0px;}<\/style>\n<h1 class=\"kt-adv-heading2172_90c089-4b wp-block-kadence-advancedheading\" data-kb-block=\"kb-adv-heading2172_90c089-4b\">Nasza misja<\/h1>\n\n\n<style>.wp-block-kadence-advancedheading.kt-adv-heading2172_84b124-28, .wp-block-kadence-advancedheading.kt-adv-heading2172_84b124-28[data-kb-block=\"kb-adv-heading2172_84b124-28\"]{text-align:center;font-weight:normal;font-style:normal;}.wp-block-kadence-advancedheading.kt-adv-heading2172_84b124-28 mark.kt-highlight, .wp-block-kadence-advancedheading.kt-adv-heading2172_84b124-28[data-kb-block=\"kb-adv-heading2172_84b124-28\"] mark.kt-highlight{font-weight:normal;font-style:normal;color:#f76a0c;padding-top:0px;padding-right:0px;padding-bottom:0px;padding-left:0px;}<\/style>\n<p class=\"kt-adv-heading2172_84b124-28 wp-block-kadence-advancedheading\" data-kb-block=\"kb-adv-heading2172_84b124-28\">Nasz\u0105 misj\u0105 jest promocja uczestnictwa mieszka\u0144c\u00f3w Gminy i Miasta Nowe Skalmierzyce, w szczeg\u00f3lno\u015bci m\u0142odzie\u017cy i kobiet w \u017cyciu spo\u0142ecznym, zawodowym oraz przeciwdzia\u0142anie dyskryminacji. Celem jest promowanie zdrowego i sportowego stylu \u017cycia.<\/p>\n<\/div><\/div>\n\n<\/div><\/div>\n\n<style>.kb-row-layout-wrap.wp-block-kadence-rowlayout.kb-row-layout-id2172_86fed7-a9{margin-top:60px;margin-bottom:0px;}.kb-row-layout-id2172_86fed7-a9 > .kt-row-column-wrap{align-content:center;}:where(.kb-row-layout-id2172_86fed7-a9 > .kt-row-column-wrap) > .wp-block-kadence-column{justify-content:center;}.kb-row-layout-id2172_86fed7-a9 > .kt-row-column-wrap{column-gap:var(--global-kb-gap-md, 2rem);row-gap:var(--global-kb-gap-md, 2rem);max-width:1242px;margin-left:auto;margin-right:auto;padding-top:0px;padding-right:10px;padding-bottom:0px;padding-left:10px;grid-template-columns:minmax(0, calc(34% - ((var(--global-kb-gap-md, 2rem) * 2 )\/3)))minmax(0, calc(56% - ((var(--global-kb-gap-md, 2rem) * 2 )\/3)))minmax(0, calc(10% - ((var(--global-kb-gap-md, 2rem) * 2 )\/3)));}.kb-row-layout-id2172_86fed7-a9 > .kt-row-layout-overlay{opacity:0.30;}@media all and (max-width: 1024px){.kb-row-layout-id2172_86fed7-a9 > .kt-row-column-wrap{grid-template-columns:minmax(0, 1fr);}}@media all and (max-width: 767px){.kb-row-layout-id2172_86fed7-a9 > .kt-row-column-wrap{grid-template-columns:minmax(0, 1fr);}}<\/style><div class=\"kb-row-layout-wrap kb-row-layout-id2172_86fed7-a9 alignnone wp-block-kadence-rowlayout\"><div class=\"kt-row-column-wrap kt-has-3-columns kt-row-layout-equal kt-tab-layout-row kt-mobile-layout-row kt-row-valign-middle\">\n<style>.kadence-column2172_1eda07-1a > .kt-inside-inner-col,.kadence-column2172_1eda07-1a > .kt-inside-inner-col:before{border-top-left-radius:0px;border-top-right-radius:0px;border-bottom-right-radius:0px;border-bottom-left-radius:0px;}.kadence-column2172_1eda07-1a > .kt-inside-inner-col{column-gap:var(--global-kb-gap-sm, 1rem);}.kadence-column2172_1eda07-1a > .kt-inside-inner-col{flex-direction:column;}.kadence-column2172_1eda07-1a > .kt-inside-inner-col > .aligncenter{width:100%;}.kadence-column2172_1eda07-1a > .kt-inside-inner-col{background-image:url('https:\/\/eudajmonia.org.pl\/wp-content\/uploads\/2024\/04\/KoloryTeczy.jpg');background-size:cover;background-position:center center;background-attachment:scroll;background-repeat:no-repeat;}.kadence-column2172_1eda07-1a > .kt-inside-inner-col:before{opacity:0.33;}.kadence-column2172_1eda07-1a{position:relative;}.kadence-column2172_1eda07-1a, .kt-inside-inner-col > .kadence-column2172_1eda07-1a:not(.specificity){margin-right:30px;}@media all and (max-width: 1024px){.kadence-column2172_1eda07-1a > .kt-inside-inner-col{flex-direction:column;}}@media all and (max-width: 1024px){.kadence-column2172_1eda07-1a, .kt-inside-inner-col > .kadence-column2172_1eda07-1a:not(.specificity){margin-right:1px;}}@media all and (max-width: 767px){.kadence-column2172_1eda07-1a > .kt-inside-inner-col{padding-right:20px;padding-left:20px;flex-direction:column;}.kadence-column2172_1eda07-1a, .kt-inside-inner-col > .kadence-column2172_1eda07-1a:not(.specificity){margin-right:1px;}}<\/style>\n<div class=\"wp-block-kadence-column kadence-column2172_1eda07-1a inner-column-1\"><div class=\"kt-inside-inner-col\">\n<figure class=\"wp-block-gallery has-nested-images columns-1 is-cropped wp-block-gallery-1 is-layout-flex wp-block-gallery-is-layout-flex\">\n<figure class=\"wp-block-image size-full has-custom-border is-style-default\"><img fetchpriority=\"high\" decoding=\"async\" width=\"1944\" height=\"1296\" data-id=\"2291\" src=\"https:\/\/eudajmonia.org.pl\/wp-content\/uploads\/2024\/04\/KoloryTeczy.jpg\" alt=\"\" class=\"wp-image-2291\" style=\"border-style:none;border-width:0px\" srcset=\"https:\/\/eudajmonia.org.pl\/wp-content\/uploads\/2024\/04\/KoloryTeczy.jpg 1944w, https:\/\/eudajmonia.org.pl\/wp-content\/uploads\/2024\/04\/KoloryTeczy-300x200.jpg 300w, https:\/\/eudajmonia.org.pl\/wp-content\/uploads\/2024\/04\/KoloryTeczy-1024x683.jpg 1024w, https:\/\/eudajmonia.org.pl\/wp-content\/uploads\/2024\/04\/KoloryTeczy-768x512.jpg 768w, https:\/\/eudajmonia.org.pl\/wp-content\/uploads\/2024\/04\/KoloryTeczy-1536x1024.jpg 1536w\" sizes=\"(max-width: 1944px) 100vw, 1944px\" \/><\/figure>\n<\/figure>\n<\/div><\/div>\n\n\n<style>.kadence-column2172_25b1ae-ed > .kt-inside-inner-col,.kadence-column2172_25b1ae-ed > .kt-inside-inner-col:before{border-top-left-radius:0px;border-top-right-radius:0px;border-bottom-right-radius:0px;border-bottom-left-radius:0px;}.kadence-column2172_25b1ae-ed > .kt-inside-inner-col{column-gap:var(--global-kb-gap-sm, 1rem);}.kadence-column2172_25b1ae-ed > .kt-inside-inner-col{flex-direction:column;}.kadence-column2172_25b1ae-ed > .kt-inside-inner-col > .aligncenter{width:100%;}.kadence-column2172_25b1ae-ed > .kt-inside-inner-col:before{opacity:0.3;}.kadence-column2172_25b1ae-ed{position:relative;}.kadence-column2172_25b1ae-ed, .kt-inside-inner-col > .kadence-column2172_25b1ae-ed:not(.specificity){margin-left:40px;}@media all and (max-width: 1024px){.kadence-column2172_25b1ae-ed > .kt-inside-inner-col{flex-direction:column;}}@media all and (max-width: 767px){.kadence-column2172_25b1ae-ed > .kt-inside-inner-col{flex-direction:column;}}<\/style>\n<div class=\"wp-block-kadence-column kadence-column2172_25b1ae-ed inner-column-3\"><div class=\"kt-inside-inner-col\"><style>.wp-block-kadence-advancedheading.kt-adv-heading2172_efc8a9-45, .wp-block-kadence-advancedheading.kt-adv-heading2172_efc8a9-45[data-kb-block=\"kb-adv-heading2172_efc8a9-45\"]{margin-bottom:30px;font-weight:normal;font-style:normal;}.wp-block-kadence-advancedheading.kt-adv-heading2172_efc8a9-45 mark.kt-highlight, .wp-block-kadence-advancedheading.kt-adv-heading2172_efc8a9-45[data-kb-block=\"kb-adv-heading2172_efc8a9-45\"] mark.kt-highlight{font-weight:normal;font-style:normal;color:#f76a0c;padding-top:0px;padding-right:0px;padding-bottom:0px;padding-left:0px;}<\/style>\n<h3 class=\"kt-adv-heading2172_efc8a9-45 wp-block-kadence-advancedheading\" data-kb-block=\"kb-adv-heading2172_efc8a9-45\"><strong>G\u0142\u00f3wne cele Stowarzyszenia Eudajmonia to dzia\u0142anie na rzecz:<\/strong><\/h3>\n\n\n<style>.wp-block-kadence-iconlist.kt-svg-icon-list-items2172_a5d406-85:not(.this-stops-third-party-issues){margin-top:0px;margin-bottom:0px;}.wp-block-kadence-iconlist.kt-svg-icon-list-items2172_a5d406-85 ul.kt-svg-icon-list:not(.this-prevents-issues):not(.this-stops-third-party-issues):not(.tijsloc){margin-top:0px;margin-right:0px;margin-bottom:10px;margin-left:0px;}.wp-block-kadence-iconlist.kt-svg-icon-list-items2172_a5d406-85 ul.kt-svg-icon-list{grid-row-gap:12px;}.wp-block-kadence-iconlist.kt-svg-icon-list-items2172_a5d406-85 ul.kt-svg-icon-list .kt-svg-icon-list-item-wrap .kt-svg-icon-list-single{margin-right:15px;}<\/style>\n<div class=\"wp-block-kadence-iconlist kt-svg-icon-list-items kt-svg-icon-list-items2172_a5d406-85 kt-svg-icon-list-columns-1 alignnone kt-list-icon-aligntop\"><ul class=\"kt-svg-icon-list\"><style>.kt-svg-icon-list-item-2172_176977-41 .kt-svg-icon-list-single{font-size:16px !important;color:var(--global-palette1, #3182CE) !important;}<\/style>\n<li class=\"wp-block-kadence-listitem kt-svg-icon-list-item-wrap kt-svg-icon-list-item-2172_176977-41 kt-svg-icon-list-style-default\"><span class=\"kb-svg-icon-wrap kb-svg-icon-fas_check kt-svg-icon-list-single\"><svg viewBox=\"0 0 512 512\"  fill=\"currentColor\" xmlns=\"http:\/\/www.w3.org\/2000\/svg\"  aria-hidden=\"true\"><path d=\"M173.898 439.404l-166.4-166.4c-9.997-9.997-9.997-26.206 0-36.204l36.203-36.204c9.997-9.998 26.207-9.998 36.204 0L192 312.69 432.095 72.596c9.997-9.997 26.207-9.997 36.204 0l36.203 36.204c9.997 9.997 9.997 26.206 0 36.204l-294.4 294.401c-9.998 9.997-26.207 9.997-36.204-.001z\"\/><\/svg><\/span><span class=\"kt-svg-icon-list-text\"><strong>promowania zdrowego i sportowego stylu \u017cycia, <\/strong><\/span><\/li>\n\n\n<style>.kt-svg-icon-list-item-2172_4116f9-f3 .kt-svg-icon-list-single{font-size:16px !important;color:var(--global-palette1, #3182CE) !important;}<\/style>\n<li class=\"wp-block-kadence-listitem kt-svg-icon-list-item-wrap kt-svg-icon-list-item-2172_4116f9-f3 kt-svg-icon-list-style-default\"><span class=\"kb-svg-icon-wrap kb-svg-icon-fas_check kt-svg-icon-list-single\"><svg viewBox=\"0 0 512 512\"  fill=\"currentColor\" xmlns=\"http:\/\/www.w3.org\/2000\/svg\"  aria-hidden=\"true\"><path d=\"M173.898 439.404l-166.4-166.4c-9.997-9.997-9.997-26.206 0-36.204l36.203-36.204c9.997-9.998 26.207-9.998 36.204 0L192 312.69 432.095 72.596c9.997-9.997 26.207-9.997 36.204 0l36.203 36.204c9.997 9.997 9.997 26.206 0 36.204l-294.4 294.401c-9.998 9.997-26.207 9.997-36.204-.001z\"\/><\/svg><\/span><span class=\"kt-svg-icon-list-text\"><strong>promowania zdrowego od\u017cywiania si\u0119,<\/strong><\/span><\/li>\n\n\n<style>.kt-svg-icon-list-item-2172_1d7d1a-fe .kt-svg-icon-list-single{font-size:16px !important;color:var(--global-palette1, #3182CE) !important;}<\/style>\n<li class=\"wp-block-kadence-listitem kt-svg-icon-list-item-wrap kt-svg-icon-list-item-2172_1d7d1a-fe kt-svg-icon-list-style-default\"><span class=\"kb-svg-icon-wrap kb-svg-icon-fas_check kt-svg-icon-list-single\"><svg viewBox=\"0 0 512 512\"  fill=\"currentColor\" xmlns=\"http:\/\/www.w3.org\/2000\/svg\"  aria-hidden=\"true\"><path d=\"M173.898 439.404l-166.4-166.4c-9.997-9.997-9.997-26.206 0-36.204l36.203-36.204c9.997-9.998 26.207-9.998 36.204 0L192 312.69 432.095 72.596c9.997-9.997 26.207-9.997 36.204 0l36.203 36.204c9.997 9.997 9.997 26.206 0 36.204l-294.4 294.401c-9.998 9.997-26.207 9.997-36.204-.001z\"\/><\/svg><\/span><span class=\"kt-svg-icon-list-text\"><strong>wszechstronnej edukacji dzieci i m\u0142odzie\u017cy, kobiet oraz ca\u0142ych rodzin,<\/strong><\/span><\/li>\n\n\n<style>.kt-svg-icon-list-item-2172_5f2c5e-03 .kt-svg-icon-list-single{font-size:16px !important;color:var(--global-palette1, #3182CE) !important;}<\/style>\n<li class=\"wp-block-kadence-listitem kt-svg-icon-list-item-wrap kt-svg-icon-list-item-2172_5f2c5e-03 kt-svg-icon-list-style-default\"><span class=\"kb-svg-icon-wrap kb-svg-icon-fas_check kt-svg-icon-list-single\"><svg viewBox=\"0 0 512 512\"  fill=\"currentColor\" xmlns=\"http:\/\/www.w3.org\/2000\/svg\"  aria-hidden=\"true\"><path d=\"M173.898 439.404l-166.4-166.4c-9.997-9.997-9.997-26.206 0-36.204l36.203-36.204c9.997-9.998 26.207-9.998 36.204 0L192 312.69 432.095 72.596c9.997-9.997 26.207-9.997 36.204 0l36.203 36.204c9.997 9.997 9.997 26.206 0 36.204l-294.4 294.401c-9.998 9.997-26.207 9.997-36.204-.001z\"\/><\/svg><\/span><span class=\"kt-svg-icon-list-text\"><strong>promocja uczestnictwa mieszka\u0144c\u00f3w (w szczeg\u00f3lno\u015bci m\u0142odzie\u017cy i kobiet ) w \u017cyciu spo\u0142ecznym, zawodowym oraz przeciwdzia\u0142anie dyskryminacji ze wzgl\u0119du na p\u0142e\u0107 we wszystkich dziedzinach \u017cycia,<\/strong><\/span><\/li>\n\n\n<style>.kt-svg-icon-list-item-2172_a1e792-18 .kt-svg-icon-list-single{font-size:16px !important;color:var(--global-palette1, #3182CE) !important;}<\/style>\n<li class=\"wp-block-kadence-listitem kt-svg-icon-list-item-wrap kt-svg-icon-list-item-2172_a1e792-18 kt-svg-icon-list-style-default\"><span class=\"kb-svg-icon-wrap kb-svg-icon-fas_check kt-svg-icon-list-single\"><svg viewBox=\"0 0 512 512\"  fill=\"currentColor\" xmlns=\"http:\/\/www.w3.org\/2000\/svg\"  aria-hidden=\"true\"><path d=\"M173.898 439.404l-166.4-166.4c-9.997-9.997-9.997-26.206 0-36.204l36.203-36.204c9.997-9.998 26.207-9.998 36.204 0L192 312.69 432.095 72.596c9.997-9.997 26.207-9.997 36.204 0l36.203 36.204c9.997 9.997 9.997 26.206 0 36.204l-294.4 294.401c-9.998 9.997-26.207 9.997-36.204-.001z\"\/><\/svg><\/span><span class=\"kt-svg-icon-list-text\"><strong>rozw\u00f3j spo\u0142ecze\u0144stwa obywatelskiego w regionie wielkopolskim, <\/strong><\/span><\/li>\n\n\n<style>.kt-svg-icon-list-item-2172_714729-bc .kt-svg-icon-list-single{font-size:16px !important;color:var(--global-palette1, #3182CE) !important;}<\/style>\n<li class=\"wp-block-kadence-listitem kt-svg-icon-list-item-wrap kt-svg-icon-list-item-2172_714729-bc kt-svg-icon-list-style-default\"><span class=\"kb-svg-icon-wrap kb-svg-icon-fas_check kt-svg-icon-list-single\"><svg viewBox=\"0 0 512 512\"  fill=\"currentColor\" xmlns=\"http:\/\/www.w3.org\/2000\/svg\"  aria-hidden=\"true\"><path d=\"M173.898 439.404l-166.4-166.4c-9.997-9.997-9.997-26.206 0-36.204l36.203-36.204c9.997-9.998 26.207-9.998 36.204 0L192 312.69 432.095 72.596c9.997-9.997 26.207-9.997 36.204 0l36.203 36.204c9.997 9.997 9.997 26.206 0 36.204l-294.4 294.401c-9.998 9.997-26.207 9.997-36.204-.001z\"\/><\/svg><\/span><span class=\"kt-svg-icon-list-text\"><strong>inicjowania i wspierania aktywno\u015bci spo\u0142ecznej mieszka\u0144c\u00f3w regionu na rzecz rozwi\u0105zywania problem\u00f3w spo\u0142ecznych.<\/strong><\/span><\/li>\n<\/ul><\/div>\n<\/div><\/div>\n\n\n<style>.kadence-column2172_71df27-52 > .kt-inside-inner-col,.kadence-column2172_71df27-52 > .kt-inside-inner-col:before{border-top-left-radius:0px;border-top-right-radius:0px;border-bottom-right-radius:0px;border-bottom-left-radius:0px;}.kadence-column2172_71df27-52 > .kt-inside-inner-col{column-gap:var(--global-kb-gap-sm, 1rem);}.kadence-column2172_71df27-52 > .kt-inside-inner-col{flex-direction:column;}.kadence-column2172_71df27-52 > .kt-inside-inner-col > .aligncenter{width:100%;}.kadence-column2172_71df27-52 > .kt-inside-inner-col:before{opacity:0.3;}.kadence-column2172_71df27-52{position:relative;}@media all and (max-width: 1024px){.kadence-column2172_71df27-52 > .kt-inside-inner-col{flex-direction:column;}}@media all and (max-width: 767px){.kadence-column2172_71df27-52 > .kt-inside-inner-col{flex-direction:column;}}<\/style>\n<div class=\"wp-block-kadence-column kadence-column2172_71df27-52\"><div class=\"kt-inside-inner-col\"><\/div><\/div>\n\n<\/div><\/div>","protected":false},"excerpt":{"rendered":"<p>Nasza misja Nasz\u0105 misj\u0105 jest promocja uczestnictwa mieszka\u0144c\u00f3w Gminy i Miasta Nowe Skalmierzyce, w szczeg\u00f3lno\u015bci m\u0142odzie\u017cy i kobiet w \u017cyciu spo\u0142ecznym, zawodowym oraz przeciwdzia\u0142anie dyskryminacji. Celem jest promowanie zdrowego i sportowego stylu \u017cycia. G\u0142\u00f3wne cele Stowarzyszenia Eudajmonia to dzia\u0142anie na rzecz:<\/p>\n","protected":false},"author":1,"featured_media":2118,"parent":0,"menu_order":0,"comment_status":"closed","ping_status":"closed","template":"","meta":{"_kadence_starter_templates_imported_post":true,"_kad_post_transparent":"","_kad_post_title":"hide","_kad_post_layout":"fullwidth","_kad_post_sidebar_id":"","_kad_post_content_style":"unboxed","_kad_post_vertical_padding":"hide","_kad_post_feature":"hide","_kad_post_feature_position":"","_kad_post_header":false,"_kad_post_footer":false,"footnotes":""},"class_list":["post-2172","page","type-page","status-publish","has-post-thumbnail","hentry"],"_links":{"self":[{"href":"https:\/\/eudajmonia.org.pl\/index.php?rest_route=\/wp\/v2\/pages\/2172","targetHints":{"allow":["GET"]}}],"collection":[{"href":"https:\/\/eudajmonia.org.pl\/index.php?rest_route=\/wp\/v2\/pages"}],"about":[{"href":"https:\/\/eudajmonia.org.pl\/index.php?rest_route=\/wp\/v2\/types\/page"}],"author":[{"embeddable":true,"href":"https:\/\/eudajmonia.org.pl\/index.php?rest_route=\/wp\/v2\/users\/1"}],"replies":[{"embeddable":true,"href":"https:\/\/eudajmonia.org.pl\/index.php?rest_route=%2Fwp%2Fv2%2Fcomments&post=2172"}],"version-history":[{"count":10,"href":"https:\/\/eudajmonia.org.pl\/index.php?rest_route=\/wp\/v2\/pages\/2172\/revisions"}],"predecessor-version":[{"id":2459,"href":"https:\/\/eudajmonia.org.pl\/index.php?rest_route=\/wp\/v2\/pages\/2172\/revisions\/2459"}],"wp:featuredmedia":[{"embeddable":true,"href":"https:\/\/eudajmonia.org.pl\/index.php?rest_route=\/wp\/v2\/media\/2118"}],"wp:attachment":[{"href":"https:\/\/eudajmonia.org.pl\/index.php?rest_route=%2Fwp%2Fv2%2Fmedia&parent=2172"}],"curies":[{"name":"wp","href":"https:\/\/api.w.org\/{rel}","templated":true}]}}